{"id":8,"date":"2025-06-22T19:46:23","date_gmt":"2025-06-22T19:46:23","guid":{"rendered":"https:\/\/llms4eu.eu\/?page_id=8"},"modified":"2025-06-22T21:52:27","modified_gmt":"2025-06-22T21:52:27","slug":"home","status":"publish","type":"page","link":"https:\/\/www.llms4eu.eu\/sv\/","title":{"rendered":""},"content":{"rendered":"<div class=\"wp-block-media-text has-media-on-the-right is-stacked-on-mobile\" style=\"margin-right:0;margin-left:0;padding-right:0;padding-left:0\"><div class=\"wp-block-media-text__content\">\n<h2 class=\"wp-block-heading has-text-align-left\" style=\"padding-right:0;padding-left:0\"><strong>Stora spr\u00e5kmodeller f\u00f6r Europeiska unionen<\/strong><\/h2>\n\n\n\n<p class=\"has-text-align-left\"><strong>P\u00e5skynda stora spr\u00e5kmodeller som \u00e5terspeglar europeiska v\u00e4rderingar, prioriteringar och innovation \u2013 genom sektors\u00f6vergripande samarbete.<\/strong><\/p>\n<\/div><figure class=\"wp-block-media-text__media\"><\/figure><\/div>\n\n\n\n<div class=\"wp-block-group has-global-padding is-layout-constrained wp-block-group-is-layout-constrained\">\n<p class=\"has-contrast-color has-text-color has-link-color wp-elements-db7825523533b3b7824c9aba6e5175b8\">Det \u00e4r&nbsp;<strong>LLMs4EU (stora spr\u00e5kmodeller f\u00f6r Europeiska unionen)<\/strong>&nbsp;Projektet samordnas av Alliansen f\u00f6r spr\u00e5kteknologi (<a href=\"https:\/\/www.alt-edic.eu\/\">ALT-Edic<\/a>) och kommer att st\u00f6dja ett stort antal partner i det europeiska ekosystemet f\u00f6r livsl\u00e5ngt l\u00e4rande. Det kommer att g\u00f6ra det m\u00f6jligt f\u00f6r dem att samla in spr\u00e5kdata av tillr\u00e4cklig kvalitet och kvantitet f\u00f6r att bygga stora spr\u00e5kfundamentmodeller samt modeller som \u00e4r anpassade till specifika spr\u00e5k, dom\u00e4ner eller branscher, och att tillhandah\u00e5lla s\u00e4rskilt st\u00f6d och tj\u00e4nster som g\u00f6r det m\u00f6jligt f\u00f6r andra att finjustera de tillg\u00e4ngliga modellerna.<\/p>\n\n\n\n<div class=\"wp-block-buttons is-layout-flex wp-block-buttons-is-layout-flex\">\n<div class=\"wp-block-button is-style-fill\"><a class=\"wp-block-button__link wp-element-button\" style=\"border-width:1px\">L\u00e4s mer om LLMs4EU<\/a><\/div>\n<\/div>\n<\/div>","protected":false},"excerpt":{"rendered":"<p>Stora spr\u00e5kmodeller f\u00f6r Europeiska unionen Att p\u00e5skynda stora spr\u00e5kmodeller som \u00e5terspeglar europeiska v\u00e4rderingar, prioriteringar och innovation \u2013 genom sektors\u00f6vergripande samarbete. Projektet LLMs4EU (Large Language Models for the European Union) samordnas av Alliance for Language Technologies (ALT-EDIC) och kommer att st\u00f6dja ett stort antal partner i det europeiska LLM-ekosystemet. Det kommer att m\u00f6jligg\u00f6ra [...]<\/p>","protected":false},"author":1,"featured_media":0,"parent":0,"menu_order":0,"comment_status":"closed","ping_status":"closed","template":"home-2","meta":{"footnotes":""},"class_list":["post-8","page","type-page","status-publish","hentry"],"_links":{"self":[{"href":"https:\/\/www.llms4eu.eu\/sv\/wp-json\/wp\/v2\/pages\/8","targetHints":{"allow":["GET"]}}],"collection":[{"href":"https:\/\/www.llms4eu.eu\/sv\/wp-json\/wp\/v2\/pages"}],"about":[{"href":"https:\/\/www.llms4eu.eu\/sv\/wp-json\/wp\/v2\/types\/page"}],"author":[{"embeddable":true,"href":"https:\/\/www.llms4eu.eu\/sv\/wp-json\/wp\/v2\/users\/1"}],"replies":[{"embeddable":true,"href":"https:\/\/www.llms4eu.eu\/sv\/wp-json\/wp\/v2\/comments?post=8"}],"version-history":[{"count":5,"href":"https:\/\/www.llms4eu.eu\/sv\/wp-json\/wp\/v2\/pages\/8\/revisions"}],"predecessor-version":[{"id":44,"href":"https:\/\/www.llms4eu.eu\/sv\/wp-json\/wp\/v2\/pages\/8\/revisions\/44"}],"wp:attachment":[{"href":"https:\/\/www.llms4eu.eu\/sv\/wp-json\/wp\/v2\/media?parent=8"}],"curies":[{"name":"wp","href":"https:\/\/api.w.org\/{rel}","templated":true}]}}