{"id":8,"date":"2025-06-22T19:46:23","date_gmt":"2025-06-22T19:46:23","guid":{"rendered":"https:\/\/llms4eu.eu\/?page_id=8"},"modified":"2025-06-22T21:52:27","modified_gmt":"2025-06-22T21:52:27","slug":"home","status":"publish","type":"page","link":"https:\/\/www.llms4eu.eu\/sk\/","title":{"rendered":""},"content":{"rendered":"<div class=\"wp-block-media-text has-media-on-the-right is-stacked-on-mobile\" style=\"margin-right:0;margin-left:0;padding-right:0;padding-left:0\"><div class=\"wp-block-media-text__content\">\n<h2 class=\"wp-block-heading has-text-align-left\" style=\"padding-right:0;padding-left:0\"><strong>Ve\u013ek\u00e9 jazykov\u00e9 modely pre Eur\u00f3psku \u00faniu<\/strong><\/h2>\n\n\n\n<p class=\"has-text-align-left\"><strong>Ur\u00fdchlenie ve\u013ek\u00fdch jazykov\u00fdch modelov, ktor\u00e9 odr\u00e1\u017eaj\u00fa eur\u00f3pske hodnoty, priority a inov\u00e1cie \u2013 prostredn\u00edctvom medziodvetvovej spolupr\u00e1ce.<\/strong><\/p>\n<\/div><figure class=\"wp-block-media-text__media\"><\/figure><\/div>\n\n\n\n<div class=\"wp-block-group has-global-padding is-layout-constrained wp-block-group-is-layout-constrained\">\n<p class=\"has-contrast-color has-text-color has-link-color wp-elements-db7825523533b3b7824c9aba6e5175b8\">The&nbsp;<strong>LLMs4EU (Ve\u013ek\u00e9 jazykov\u00e9 modely pre Eur\u00f3psku \u00faniu)<\/strong>&nbsp;Projekt koordinuje Aliancia pre jazykov\u00e9 technol\u00f3gie (<a href=\"https:\/\/www.alt-edic.eu\/\">ALT-EDIC<\/a>) a podpor\u00ed ve\u013ek\u00fd po\u010det partnerov eur\u00f3pskeho ekosyst\u00e9mu LLM. Umo\u017en\u00ed im zhroma\u017e\u010fova\u0165 jazykov\u00e9 \u00fadaje v dostato\u010dnej kvalite a kvantite na vytvorenie ve\u013ek\u00fdch modelov jazykov\u00fdch z\u00e1kladov, ako aj modelov prisp\u00f4soben\u00fdch konkr\u00e9tnym jazykom, dom\u00e9nam alebo odvetviam, a poskytova\u0165 \u0161pecializovan\u00fa podporu a slu\u017eby, ktor\u00e9 ostatn\u00fdm umo\u017enia doladi\u0165 dostupn\u00e9 modely.<\/p>\n\n\n\n<div class=\"wp-block-buttons is-layout-flex wp-block-buttons-is-layout-flex\">\n<div class=\"wp-block-button is-style-fill\"><a class=\"wp-block-button__link wp-element-button\" style=\"border-width:1px\">\u010eal\u0161ie inform\u00e1cie o LLMs4EU<\/a><\/div>\n<\/div>\n<\/div>","protected":false},"excerpt":{"rendered":"<p>Ve\u013ek\u00e9 jazykov\u00e9 modely pre Eur\u00f3psku \u00faniu Ur\u00fdchlenie ve\u013ek\u00fdch jazykov\u00fdch modelov, ktor\u00e9 odr\u00e1\u017eaj\u00fa eur\u00f3pske hodnoty, priority a inov\u00e1cie \u2013 prostredn\u00edctvom medziodvetvovej spolupr\u00e1ce. Projekt LLMs4EU (Ve\u013ek\u00e9 jazykov\u00e9 modely pre Eur\u00f3psku \u00faniu) koordinuje Aliancia pre jazykov\u00e9 technol\u00f3gie (ALT-EDIC) a podpor\u00ed ve\u013ek\u00fd po\u010det partnerov eur\u00f3pskeho ekosyst\u00e9mu LLM. Umo\u017en\u00ed to [...]<\/p>","protected":false},"author":1,"featured_media":0,"parent":0,"menu_order":0,"comment_status":"closed","ping_status":"closed","template":"home-2","meta":{"footnotes":""},"class_list":["post-8","page","type-page","status-publish","hentry"],"_links":{"self":[{"href":"https:\/\/www.llms4eu.eu\/sk\/wp-json\/wp\/v2\/pages\/8","targetHints":{"allow":["GET"]}}],"collection":[{"href":"https:\/\/www.llms4eu.eu\/sk\/wp-json\/wp\/v2\/pages"}],"about":[{"href":"https:\/\/www.llms4eu.eu\/sk\/wp-json\/wp\/v2\/types\/page"}],"author":[{"embeddable":true,"href":"https:\/\/www.llms4eu.eu\/sk\/wp-json\/wp\/v2\/users\/1"}],"replies":[{"embeddable":true,"href":"https:\/\/www.llms4eu.eu\/sk\/wp-json\/wp\/v2\/comments?post=8"}],"version-history":[{"count":5,"href":"https:\/\/www.llms4eu.eu\/sk\/wp-json\/wp\/v2\/pages\/8\/revisions"}],"predecessor-version":[{"id":44,"href":"https:\/\/www.llms4eu.eu\/sk\/wp-json\/wp\/v2\/pages\/8\/revisions\/44"}],"wp:attachment":[{"href":"https:\/\/www.llms4eu.eu\/sk\/wp-json\/wp\/v2\/media?parent=8"}],"curies":[{"name":"wp","href":"https:\/\/api.w.org\/{rel}","templated":true}]}}