{"id":8,"date":"2025-06-22T19:46:23","date_gmt":"2025-06-22T19:46:23","guid":{"rendered":"https:\/\/llms4eu.eu\/?page_id=8"},"modified":"2025-06-22T21:52:27","modified_gmt":"2025-06-22T21:52:27","slug":"home","status":"publish","type":"page","link":"https:\/\/www.llms4eu.eu\/ro\/","title":{"rendered":""},"content":{"rendered":"<div class=\"wp-block-media-text has-media-on-the-right is-stacked-on-mobile\" style=\"margin-right:0;margin-left:0;padding-right:0;padding-left:0\"><div class=\"wp-block-media-text__content\">\n<h2 class=\"wp-block-heading has-text-align-left\" style=\"padding-right:0;padding-left:0\"><strong>Modele lingvistice de mari dimensiuni pentru Uniunea European\u0103<\/strong><\/h2>\n\n\n\n<p class=\"has-text-align-left\"><strong>Accelerarea modelelor lingvistice de mari dimensiuni care reflect\u0103 valorile, priorit\u0103\u021bile \u0219i inovarea europene \u2013 prin colaborare transsectorial\u0103.<\/strong><\/p>\n<\/div><figure class=\"wp-block-media-text__media\"><\/figure><\/div>\n\n\n\n<div class=\"wp-block-group has-global-padding is-layout-constrained wp-block-group-is-layout-constrained\">\n<p class=\"has-contrast-color has-text-color has-link-color wp-elements-db7825523533b3b7824c9aba6e5175b8\">Aspectul&nbsp;<strong>LLMs4EU (Modele lingvistice de mari dimensiuni pentru Uniunea European\u0103)<\/strong>&nbsp;Proiectul este coordonat de Alian\u021ba pentru Tehnologii Lingvistice (<a href=\"https:\/\/www.alt-edic.eu\/\">ALT-EDIC<\/a>) \u0219i va sprijini un num\u0103r mare de parteneri ai ecosistemului european LLM. Aceasta le va permite s\u0103 colecteze date lingvistice la un nivel suficient de calitate \u0219i cantitate pentru a construi modele de baz\u0103 lingvistice de mari dimensiuni, precum \u0219i modele adaptate la limbi, domenii sau industrii specifice \u0219i pentru a oferi sprijin \u0219i servicii specifice care s\u0103 le permit\u0103 altora s\u0103 adapteze modelele disponibile.<\/p>\n\n\n\n<div class=\"wp-block-buttons is-layout-flex wp-block-buttons-is-layout-flex\">\n<div class=\"wp-block-button is-style-fill\"><a class=\"wp-block-button__link wp-element-button\" style=\"border-width:1px\">Afla\u021bi mai multe despre LLMs4EU<\/a><\/div>\n<\/div>\n<\/div>","protected":false},"excerpt":{"rendered":"<p>Modele lingvistice de mari dimensiuni pentru Uniunea European\u0103 Accelerarea modelelor lingvistice de mari dimensiuni care reflect\u0103 valorile, priorit\u0103\u021bile \u0219i inovarea europene \u2013 prin colaborare transsectorial\u0103. Proiectul LLMs4EU (Large Language Models for the European Union) este coordonat de Alian\u021ba pentru Tehnologii Lingvistice (ALT-EDIC) \u0219i va sprijini un num\u0103r mare de parteneri ai ecosistemului european LLM. Aceasta va permite [...]<\/p>","protected":false},"author":1,"featured_media":0,"parent":0,"menu_order":0,"comment_status":"closed","ping_status":"closed","template":"home-2","meta":{"footnotes":""},"class_list":["post-8","page","type-page","status-publish","hentry"],"_links":{"self":[{"href":"https:\/\/www.llms4eu.eu\/ro\/wp-json\/wp\/v2\/pages\/8","targetHints":{"allow":["GET"]}}],"collection":[{"href":"https:\/\/www.llms4eu.eu\/ro\/wp-json\/wp\/v2\/pages"}],"about":[{"href":"https:\/\/www.llms4eu.eu\/ro\/wp-json\/wp\/v2\/types\/page"}],"author":[{"embeddable":true,"href":"https:\/\/www.llms4eu.eu\/ro\/wp-json\/wp\/v2\/users\/1"}],"replies":[{"embeddable":true,"href":"https:\/\/www.llms4eu.eu\/ro\/wp-json\/wp\/v2\/comments?post=8"}],"version-history":[{"count":5,"href":"https:\/\/www.llms4eu.eu\/ro\/wp-json\/wp\/v2\/pages\/8\/revisions"}],"predecessor-version":[{"id":44,"href":"https:\/\/www.llms4eu.eu\/ro\/wp-json\/wp\/v2\/pages\/8\/revisions\/44"}],"wp:attachment":[{"href":"https:\/\/www.llms4eu.eu\/ro\/wp-json\/wp\/v2\/media?parent=8"}],"curies":[{"name":"wp","href":"https:\/\/api.w.org\/{rel}","templated":true}]}}