{"id":8,"date":"2025-06-22T19:46:23","date_gmt":"2025-06-22T19:46:23","guid":{"rendered":"https:\/\/llms4eu.eu\/?page_id=8"},"modified":"2025-06-22T21:52:27","modified_gmt":"2025-06-22T21:52:27","slug":"home","status":"publish","type":"page","link":"https:\/\/www.llms4eu.eu\/pl\/","title":{"rendered":""},"content":{"rendered":"<div class=\"wp-block-media-text has-media-on-the-right is-stacked-on-mobile\" style=\"margin-right:0;margin-left:0;padding-right:0;padding-left:0\"><div class=\"wp-block-media-text__content\">\n<h2 class=\"wp-block-heading has-text-align-left\" style=\"padding-right:0;padding-left:0\"><strong>Du\u017ce modele j\u0119zykowe dla Unii Europejskiej<\/strong><\/h2>\n\n\n\n<p class=\"has-text-align-left\"><strong>Przyspieszenie du\u017cych modeli j\u0119zykowych odzwierciedlaj\u0105cych europejskie warto\u015bci, priorytety i innowacje \u2013 poprzez wsp\u00f3\u0142prac\u0119 mi\u0119dzysektorow\u0105.<\/strong><\/p>\n<\/div><figure class=\"wp-block-media-text__media\"><\/figure><\/div>\n\n\n\n<div class=\"wp-block-group has-global-padding is-layout-constrained wp-block-group-is-layout-constrained\">\n<p class=\"has-contrast-color has-text-color has-link-color wp-elements-db7825523533b3b7824c9aba6e5175b8\">W przedmiocie&nbsp;<strong>LLMs4EU (du\u017ce modele j\u0119zykowe dla Unii Europejskiej)<\/strong>&nbsp;Projekt jest koordynowany przez Alliance for Language Technologies (Sojusz na rzecz Technologii J\u0119zykowych).<a href=\"https:\/\/www.alt-edic.eu\/\">ALT-EDIC<\/a>) i b\u0119dzie wspiera\u0107 du\u017c\u0105 liczb\u0119 partner\u00f3w europejskiego ekosystemu LLM. Umo\u017cliwi im to gromadzenie danych j\u0119zykowych w wystarczaj\u0105cej jako\u015bci i ilo\u015bci w celu zbudowania du\u017cych modeli baz j\u0119zykowych, a tak\u017ce modeli dostosowanych do konkretnych j\u0119zyk\u00f3w, dziedzin lub bran\u017c, oraz zapewnienie specjalnego wsparcia i us\u0142ug umo\u017cliwiaj\u0105cych innym dopracowanie dost\u0119pnych modeli.<\/p>\n\n\n\n<div class=\"wp-block-buttons is-layout-flex wp-block-buttons-is-layout-flex\">\n<div class=\"wp-block-button is-style-fill\"><a class=\"wp-block-button__link wp-element-button\" style=\"border-width:1px\">Dowiedz si\u0119 wi\u0119cej o LLMs4EU<\/a><\/div>\n<\/div>\n<\/div>","protected":false},"excerpt":{"rendered":"<p>Przyspieszenie tworzenia du\u017cych modeli j\u0119zykowych, kt\u00f3re odzwierciedlaj\u0105 europejskie warto\u015bci, priorytety i innowacje \u2013 poprzez wsp\u00f3\u0142prac\u0119 mi\u0119dzysektorow\u0105. Projekt LLMs4EU (Large Language Models for the European Union) jest koordynowany przez Alliance for Language Technologies (ALT-EDIC) i b\u0119dzie wspiera\u0142 wielu partner\u00f3w europejskiego ekosystemu LLM. Umo\u017cliwi to [...]<\/p>","protected":false},"author":1,"featured_media":0,"parent":0,"menu_order":0,"comment_status":"closed","ping_status":"closed","template":"home-2","meta":{"footnotes":""},"class_list":["post-8","page","type-page","status-publish","hentry"],"_links":{"self":[{"href":"https:\/\/www.llms4eu.eu\/pl\/wp-json\/wp\/v2\/pages\/8","targetHints":{"allow":["GET"]}}],"collection":[{"href":"https:\/\/www.llms4eu.eu\/pl\/wp-json\/wp\/v2\/pages"}],"about":[{"href":"https:\/\/www.llms4eu.eu\/pl\/wp-json\/wp\/v2\/types\/page"}],"author":[{"embeddable":true,"href":"https:\/\/www.llms4eu.eu\/pl\/wp-json\/wp\/v2\/users\/1"}],"replies":[{"embeddable":true,"href":"https:\/\/www.llms4eu.eu\/pl\/wp-json\/wp\/v2\/comments?post=8"}],"version-history":[{"count":5,"href":"https:\/\/www.llms4eu.eu\/pl\/wp-json\/wp\/v2\/pages\/8\/revisions"}],"predecessor-version":[{"id":44,"href":"https:\/\/www.llms4eu.eu\/pl\/wp-json\/wp\/v2\/pages\/8\/revisions\/44"}],"wp:attachment":[{"href":"https:\/\/www.llms4eu.eu\/pl\/wp-json\/wp\/v2\/media?parent=8"}],"curies":[{"name":"wp","href":"https:\/\/api.w.org\/{rel}","templated":true}]}}