{"id":8,"date":"2025-06-22T19:46:23","date_gmt":"2025-06-22T19:46:23","guid":{"rendered":"https:\/\/llms4eu.eu\/?page_id=8"},"modified":"2025-06-22T21:52:27","modified_gmt":"2025-06-22T21:52:27","slug":"home","status":"publish","type":"page","link":"https:\/\/www.llms4eu.eu\/mt\/","title":{"rendered":""},"content":{"rendered":"<div class=\"wp-block-media-text has-media-on-the-right is-stacked-on-mobile\" style=\"margin-right:0;margin-left:0;padding-right:0;padding-left:0\"><div class=\"wp-block-media-text__content\">\n<h2 class=\"wp-block-heading has-text-align-left\" style=\"padding-right:0;padding-left:0\"><strong>Mudelli Lingwisti\u010bi Kbar g\u0127all-Unjoni Ewropea<\/strong><\/h2>\n\n\n\n<p class=\"has-text-align-left\"><strong>L-a\u010b\u010bellerazzjoni ta\u2019 mudelli lingwisti\u010bi kbar li jirriflettu l-valuri, il-prijoritajiet u l-innovazzjoni Ewropej \u2014 permezz ta\u2019 kollaborazzjoni transsettorjali.<\/strong><\/p>\n<\/div><figure class=\"wp-block-media-text__media\"><\/figure><\/div>\n\n\n\n<div class=\"wp-block-group has-global-padding is-layout-constrained wp-block-group-is-layout-constrained\">\n<p class=\"has-contrast-color has-text-color has-link-color wp-elements-db7825523533b3b7824c9aba6e5175b8\">Il-&nbsp;<strong>LLMs4EU (Mudelli Lingwisti\u010bi Kbar g\u0127all-Unjoni Ewropea)<\/strong>&nbsp;Il-pro\u0121ett huwa kkoordinat mill-Alleanza g\u0127at-Teknolo\u0121iji tal-Lingwa (<a href=\"https:\/\/www.alt-edic.eu\/\">ALT-EDIC<\/a>) u se tappo\u0121\u0121a g\u0127add kbir ta\u2019 s\u0127ab tal-ekosistema Ewropea tal-LLM. Dan se jippermettilhom ji\u0121bru data lingwistika bi kwalit\u00e0 u kwantit\u00e0 suffi\u010bjenti biex jibnu mudelli ewlenin tal-lingwa kbar kif ukoll mudelli adattati g\u0127al lingwi, dominji jew industriji spe\u010bifi\u010bi, u biex jipprovdu appo\u0121\u0121 u servizzi ddedikati li jippermettu lil o\u0127rajn jirfinaw il-mudelli disponibbli.<\/p>\n\n\n\n<div class=\"wp-block-buttons is-layout-flex wp-block-buttons-is-layout-flex\">\n<div class=\"wp-block-button is-style-fill\"><a class=\"wp-block-button__link wp-element-button\" style=\"border-width:1px\">Tg\u0127allem aktar dwar LLMs4EU<\/a><\/div>\n<\/div>\n<\/div>","protected":false},"excerpt":{"rendered":"<p>Mudelli Lingwisti\u010bi Kbar g\u0127all-Unjoni Ewropea L-a\u010b\u010bellerazzjoni ta\u2019 mudelli lingwisti\u010bi kbar li jirriflettu l-valuri, il-prijoritajiet u l-innovazzjoni Ewropej \u2014 permezz ta\u2019 kollaborazzjoni transsettorjali. Il-pro\u0121ett LLMs4EU (Mudelli Lingwisti\u010bi Kbar g\u0127all-Unjoni Ewropea) huwa kkoordinat mill-Alleanza g\u0127at-Teknolo\u0121iji Lingwisti\u010bi (ALT-EDIC) u se jappo\u0121\u0121a g\u0127add kbir ta\u2019 s\u0127ab tal-ekosistema Ewropea tal-LLM. Dan se jippermetti [...]<\/p>","protected":false},"author":1,"featured_media":0,"parent":0,"menu_order":0,"comment_status":"closed","ping_status":"closed","template":"home-2","meta":{"footnotes":""},"class_list":["post-8","page","type-page","status-publish","hentry"],"_links":{"self":[{"href":"https:\/\/www.llms4eu.eu\/mt\/wp-json\/wp\/v2\/pages\/8","targetHints":{"allow":["GET"]}}],"collection":[{"href":"https:\/\/www.llms4eu.eu\/mt\/wp-json\/wp\/v2\/pages"}],"about":[{"href":"https:\/\/www.llms4eu.eu\/mt\/wp-json\/wp\/v2\/types\/page"}],"author":[{"embeddable":true,"href":"https:\/\/www.llms4eu.eu\/mt\/wp-json\/wp\/v2\/users\/1"}],"replies":[{"embeddable":true,"href":"https:\/\/www.llms4eu.eu\/mt\/wp-json\/wp\/v2\/comments?post=8"}],"version-history":[{"count":5,"href":"https:\/\/www.llms4eu.eu\/mt\/wp-json\/wp\/v2\/pages\/8\/revisions"}],"predecessor-version":[{"id":44,"href":"https:\/\/www.llms4eu.eu\/mt\/wp-json\/wp\/v2\/pages\/8\/revisions\/44"}],"wp:attachment":[{"href":"https:\/\/www.llms4eu.eu\/mt\/wp-json\/wp\/v2\/media?parent=8"}],"curies":[{"name":"wp","href":"https:\/\/api.w.org\/{rel}","templated":true}]}}