{"id":8,"date":"2025-06-22T19:46:23","date_gmt":"2025-06-22T19:46:23","guid":{"rendered":"https:\/\/llms4eu.eu\/?page_id=8"},"modified":"2025-06-22T21:52:27","modified_gmt":"2025-06-22T21:52:27","slug":"home","status":"publish","type":"page","link":"https:\/\/www.llms4eu.eu\/lv\/","title":{"rendered":""},"content":{"rendered":"<div class=\"wp-block-media-text has-media-on-the-right is-stacked-on-mobile\" style=\"margin-right:0;margin-left:0;padding-right:0;padding-left:0\"><div class=\"wp-block-media-text__content\">\n<h2 class=\"wp-block-heading has-text-align-left\" style=\"padding-right:0;padding-left:0\"><strong>Lielie valodu mode\u013ci Eiropas Savien\u012bbai<\/strong><\/h2>\n\n\n\n<p class=\"has-text-align-left\"><strong>Lielu valodu mode\u013cu, kas atspogu\u013co Eiropas v\u0113rt\u012bbas, priorit\u0101tes un inov\u0101ciju, pa\u0101trin\u0101\u0161ana, izmantojot starpnozaru sadarb\u012bbu.<\/strong><\/p>\n<\/div><figure class=\"wp-block-media-text__media\"><\/figure><\/div>\n\n\n\n<div class=\"wp-block-group has-global-padding is-layout-constrained wp-block-group-is-layout-constrained\">\n<p class=\"has-contrast-color has-text-color has-link-color wp-elements-db7825523533b3b7824c9aba6e5175b8\">Par&nbsp;<strong>LLMs4EU (lielie valodu mode\u013ci Eiropas Savien\u012bbai)<\/strong>&nbsp;Projektu koordin\u0113 Valodu tehnolo\u0123iju alianse (<a href=\"https:\/\/www.alt-edic.eu\/\">ALT-EDIC<\/a>) un atbalst\u012bs lielu skaitu Eiropas LLM ekosist\u0113mas partneru. Tas \u013caus tiem v\u0101kt valodas datus pietiekam\u0101 kvalit\u0101t\u0113 un daudzum\u0101, lai izveidotu lielus valodu pamatmode\u013cus, k\u0101 ar\u012b mode\u013cus, kas piel\u0101goti konkr\u0113t\u0101m valod\u0101m, jom\u0101m vai nozar\u0113m, un sniegt \u012bpa\u0161u atbalstu un pakalpojumus, kas \u013cauj citiem piel\u0101got pieejamos mode\u013cus.<\/p>\n\n\n\n<div class=\"wp-block-buttons is-layout-flex wp-block-buttons-is-layout-flex\">\n<div class=\"wp-block-button is-style-fill\"><a class=\"wp-block-button__link wp-element-button\" style=\"border-width:1px\">Uzzin\u0101t vair\u0101k par LLMs4EU<\/a><\/div>\n<\/div>\n<\/div>","protected":false},"excerpt":{"rendered":"<p>Lieli valodu mode\u013ci Eiropas Savien\u012bbai Pa\u0101trin\u0101t lielus valodu mode\u013cus, kas atspogu\u013co Eiropas v\u0113rt\u012bbas, priorit\u0101tes un inov\u0101ciju, izmantojot starpnozaru sadarb\u012bbu. Projektu LLMs4EU (Lielie valodu mode\u013ci Eiropas Savien\u012bbai) koordin\u0113 Valodu tehnolo\u0123iju alianse (ALT-EDIC), un tas atbalst\u012bs lielu skaitu Eiropas LLM ekosist\u0113mas partneru. Tas \u013caus [...]<\/p>","protected":false},"author":1,"featured_media":0,"parent":0,"menu_order":0,"comment_status":"closed","ping_status":"closed","template":"home-2","meta":{"footnotes":""},"class_list":["post-8","page","type-page","status-publish","hentry"],"_links":{"self":[{"href":"https:\/\/www.llms4eu.eu\/lv\/wp-json\/wp\/v2\/pages\/8","targetHints":{"allow":["GET"]}}],"collection":[{"href":"https:\/\/www.llms4eu.eu\/lv\/wp-json\/wp\/v2\/pages"}],"about":[{"href":"https:\/\/www.llms4eu.eu\/lv\/wp-json\/wp\/v2\/types\/page"}],"author":[{"embeddable":true,"href":"https:\/\/www.llms4eu.eu\/lv\/wp-json\/wp\/v2\/users\/1"}],"replies":[{"embeddable":true,"href":"https:\/\/www.llms4eu.eu\/lv\/wp-json\/wp\/v2\/comments?post=8"}],"version-history":[{"count":5,"href":"https:\/\/www.llms4eu.eu\/lv\/wp-json\/wp\/v2\/pages\/8\/revisions"}],"predecessor-version":[{"id":44,"href":"https:\/\/www.llms4eu.eu\/lv\/wp-json\/wp\/v2\/pages\/8\/revisions\/44"}],"wp:attachment":[{"href":"https:\/\/www.llms4eu.eu\/lv\/wp-json\/wp\/v2\/media?parent=8"}],"curies":[{"name":"wp","href":"https:\/\/api.w.org\/{rel}","templated":true}]}}