{"id":8,"date":"2025-06-22T19:46:23","date_gmt":"2025-06-22T19:46:23","guid":{"rendered":"https:\/\/llms4eu.eu\/?page_id=8"},"modified":"2025-06-22T21:52:27","modified_gmt":"2025-06-22T21:52:27","slug":"home","status":"publish","type":"page","link":"https:\/\/www.llms4eu.eu\/lt\/","title":{"rendered":""},"content":{"rendered":"<div class=\"wp-block-media-text has-media-on-the-right is-stacked-on-mobile\" style=\"margin-right:0;margin-left:0;padding-right:0;padding-left:0\"><div class=\"wp-block-media-text__content\">\n<h2 class=\"wp-block-heading has-text-align-left\" style=\"padding-right:0;padding-left:0\"><strong>Dideli kalb\u0173 modeliai Europos S\u0105jungai<\/strong><\/h2>\n\n\n\n<p class=\"has-text-align-left\"><strong>Spartinti didelius kalb\u0173 modelius, atspindin\u010dius Europos vertybes, prioritetus ir inovacijas, pasitelkiant tarpsektorin\u012f bendradarbiavim\u0105.<\/strong><\/p>\n<\/div><figure class=\"wp-block-media-text__media\"><\/figure><\/div>\n\n\n\n<div class=\"wp-block-group has-global-padding is-layout-constrained wp-block-group-is-layout-constrained\">\n<p class=\"has-contrast-color has-text-color has-link-color wp-elements-db7825523533b3b7824c9aba6e5175b8\">D\u0117l&nbsp;<strong>LLMs4EU (dideli kalb\u0173 modeliai Europos S\u0105jungai)<\/strong>&nbsp;Projekt\u0105 koordinuoja Kalb\u0173 technologij\u0173 aljansas (<a href=\"https:\/\/www.alt-edic.eu\/\">ESIK KTA<\/a>) ir rems daug Europos LLM ekosistemos partneri\u0173. Tai suteiks jiems galimyb\u0119 rinkti pakankamai kokybi\u0161kus ir kiekybinius kalbos duomenis, kad b\u016bt\u0173 galima sukurti didelius kalbos bazinius modelius, taip pat konkre\u010dioms kalboms, sritims ar pramon\u0117s \u0161akoms pritaikytus modelius, ir teikti speciali\u0105 param\u0105 ir paslaugas, kad kiti gal\u0117t\u0173 suderinti esamus modelius.<\/p>\n\n\n\n<div class=\"wp-block-buttons is-layout-flex wp-block-buttons-is-layout-flex\">\n<div class=\"wp-block-button is-style-fill\"><a class=\"wp-block-button__link wp-element-button\" style=\"border-width:1px\">Su\u017einokite daugiau apie LLMs4EU<\/a><\/div>\n<\/div>\n<\/div>","protected":false},"excerpt":{"rendered":"<p>Dideli kalb\u0173 modeliai Europos S\u0105jungai Spartinti dideli\u0173 kalb\u0173 modeli\u0173, atspindin\u010di\u0173 Europos vertybes, prioritetus ir inovacijas, k\u016brim\u0105 pasitelkiant tarpsektorin\u012f bendradarbiavim\u0105. Projekt\u0105 LLMs4EU (Large Language Models for the European Union) koordinuoja Kalbos technologij\u0173 aljansas (ALT-EDIC) ir juo bus remiama daug Europos LLM ekosistemos partneri\u0173. Tai leis [...]<\/p>","protected":false},"author":1,"featured_media":0,"parent":0,"menu_order":0,"comment_status":"closed","ping_status":"closed","template":"home-2","meta":{"footnotes":""},"class_list":["post-8","page","type-page","status-publish","hentry"],"_links":{"self":[{"href":"https:\/\/www.llms4eu.eu\/lt\/wp-json\/wp\/v2\/pages\/8","targetHints":{"allow":["GET"]}}],"collection":[{"href":"https:\/\/www.llms4eu.eu\/lt\/wp-json\/wp\/v2\/pages"}],"about":[{"href":"https:\/\/www.llms4eu.eu\/lt\/wp-json\/wp\/v2\/types\/page"}],"author":[{"embeddable":true,"href":"https:\/\/www.llms4eu.eu\/lt\/wp-json\/wp\/v2\/users\/1"}],"replies":[{"embeddable":true,"href":"https:\/\/www.llms4eu.eu\/lt\/wp-json\/wp\/v2\/comments?post=8"}],"version-history":[{"count":5,"href":"https:\/\/www.llms4eu.eu\/lt\/wp-json\/wp\/v2\/pages\/8\/revisions"}],"predecessor-version":[{"id":44,"href":"https:\/\/www.llms4eu.eu\/lt\/wp-json\/wp\/v2\/pages\/8\/revisions\/44"}],"wp:attachment":[{"href":"https:\/\/www.llms4eu.eu\/lt\/wp-json\/wp\/v2\/media?parent=8"}],"curies":[{"name":"wp","href":"https:\/\/api.w.org\/{rel}","templated":true}]}}