{"id":8,"date":"2025-06-22T19:46:23","date_gmt":"2025-06-22T19:46:23","guid":{"rendered":"https:\/\/llms4eu.eu\/?page_id=8"},"modified":"2025-06-22T21:52:27","modified_gmt":"2025-06-22T21:52:27","slug":"home","status":"publish","type":"page","link":"https:\/\/www.llms4eu.eu\/it\/","title":{"rendered":""},"content":{"rendered":"<div class=\"wp-block-media-text has-media-on-the-right is-stacked-on-mobile\" style=\"margin-right:0;margin-left:0;padding-right:0;padding-left:0\"><div class=\"wp-block-media-text__content\">\n<h2 class=\"wp-block-heading has-text-align-left\" style=\"padding-right:0;padding-left:0\"><strong>Modelli linguistici di grandi dimensioni per l'Unione europea<\/strong><\/h2>\n\n\n\n<p class=\"has-text-align-left\"><strong>Accelerare modelli linguistici di grandi dimensioni che riflettano i valori, le priorit\u00e0 e l'innovazione europei \u2014 attraverso la collaborazione intersettoriale.<\/strong><\/p>\n<\/div><figure class=\"wp-block-media-text__media\"><\/figure><\/div>\n\n\n\n<div class=\"wp-block-group has-global-padding is-layout-constrained wp-block-group-is-layout-constrained\">\n<p class=\"has-contrast-color has-text-color has-link-color wp-elements-db7825523533b3b7824c9aba6e5175b8\">Il&nbsp;<strong>LLMs4EU (Grandi modelli linguistici per l'Unione europea)<\/strong>&nbsp;Il progetto \u00e8 coordinato dall'Alliance for Language Technologies (Alliance for Language Technologies).<a href=\"https:\/\/www.alt-edic.eu\/\">ALT-EDIC<\/a>) e sosterr\u00e0 un gran numero di partner dell'ecosistema LLM europeo. Consentir\u00e0 loro di raccogliere dati linguistici in qualit\u00e0 e quantit\u00e0 sufficienti per costruire modelli di base linguistici di grandi dimensioni, nonch\u00e9 modelli adattati a lingue, domini o settori specifici, e di fornire supporto e servizi dedicati che consentano ad altri di perfezionare i modelli disponibili.<\/p>\n\n\n\n<div class=\"wp-block-buttons is-layout-flex wp-block-buttons-is-layout-flex\">\n<div class=\"wp-block-button is-style-fill\"><a class=\"wp-block-button__link wp-element-button\" style=\"border-width:1px\">Scopri di pi\u00f9 su LLMs4EU<\/a><\/div>\n<\/div>\n<\/div>","protected":false},"excerpt":{"rendered":"<p>Modelli linguistici di grandi dimensioni per l'Unione europea Accelerare i modelli linguistici di grandi dimensioni che riflettono i valori, le priorit\u00e0 e l'innovazione europei \u2014 attraverso la collaborazione intersettoriale. Il progetto LLMs4EU (Large Language Models for the European Union) \u00e8 coordinato dall'Alleanza per le tecnologie linguistiche (ALT-EDIC) e sosterr\u00e0 un gran numero di partner dell'ecosistema LLM europeo. Consentir\u00e0 [...]<\/p>","protected":false},"author":1,"featured_media":0,"parent":0,"menu_order":0,"comment_status":"closed","ping_status":"closed","template":"home-2","meta":{"footnotes":""},"class_list":["post-8","page","type-page","status-publish","hentry"],"_links":{"self":[{"href":"https:\/\/www.llms4eu.eu\/it\/wp-json\/wp\/v2\/pages\/8","targetHints":{"allow":["GET"]}}],"collection":[{"href":"https:\/\/www.llms4eu.eu\/it\/wp-json\/wp\/v2\/pages"}],"about":[{"href":"https:\/\/www.llms4eu.eu\/it\/wp-json\/wp\/v2\/types\/page"}],"author":[{"embeddable":true,"href":"https:\/\/www.llms4eu.eu\/it\/wp-json\/wp\/v2\/users\/1"}],"replies":[{"embeddable":true,"href":"https:\/\/www.llms4eu.eu\/it\/wp-json\/wp\/v2\/comments?post=8"}],"version-history":[{"count":5,"href":"https:\/\/www.llms4eu.eu\/it\/wp-json\/wp\/v2\/pages\/8\/revisions"}],"predecessor-version":[{"id":44,"href":"https:\/\/www.llms4eu.eu\/it\/wp-json\/wp\/v2\/pages\/8\/revisions\/44"}],"wp:attachment":[{"href":"https:\/\/www.llms4eu.eu\/it\/wp-json\/wp\/v2\/media?parent=8"}],"curies":[{"name":"wp","href":"https:\/\/api.w.org\/{rel}","templated":true}]}}