{"id":8,"date":"2025-06-22T19:46:23","date_gmt":"2025-06-22T19:46:23","guid":{"rendered":"https:\/\/llms4eu.eu\/?page_id=8"},"modified":"2025-06-22T21:52:27","modified_gmt":"2025-06-22T21:52:27","slug":"home","status":"publish","type":"page","link":"https:\/\/www.llms4eu.eu\/hu\/","title":{"rendered":""},"content":{"rendered":"<div class=\"wp-block-media-text has-media-on-the-right is-stacked-on-mobile\" style=\"margin-right:0;margin-left:0;padding-right:0;padding-left:0\"><div class=\"wp-block-media-text__content\">\n<h2 class=\"wp-block-heading has-text-align-left\" style=\"padding-right:0;padding-left:0\"><strong>Nagy nyelvi modellek az Eur\u00f3pai Uni\u00f3 sz\u00e1m\u00e1ra<\/strong><\/h2>\n\n\n\n<p class=\"has-text-align-left\"><strong>Az eur\u00f3pai \u00e9rt\u00e9keket, priorit\u00e1sokat \u00e9s innov\u00e1ci\u00f3t t\u00fckr\u00f6z\u0151 nagy nyelvi modellek felgyors\u00edt\u00e1sa \u2013 \u00e1gazatk\u00f6zi egy\u00fcttm\u0171k\u00f6d\u00e9s r\u00e9v\u00e9n.<\/strong><\/p>\n<\/div><figure class=\"wp-block-media-text__media\"><\/figure><\/div>\n\n\n\n<div class=\"wp-block-group has-global-padding is-layout-constrained wp-block-group-is-layout-constrained\">\n<p class=\"has-contrast-color has-text-color has-link-color wp-elements-db7825523533b3b7824c9aba6e5175b8\">Az&nbsp;<strong>LLMs4EU (nagy nyelvi modellek az Eur\u00f3pai Uni\u00f3 sz\u00e1m\u00e1ra)<\/strong>&nbsp;A projektet a Nyelvtechnol\u00f3giai Sz\u00f6vets\u00e9g (Alliance for Language Technologies) koordin\u00e1lja.<a href=\"https:\/\/www.alt-edic.eu\/\">ALT-EDIC<\/a>) \u00e9s t\u00e1mogatni fogja az eur\u00f3pai LLM-\u00f6kosziszt\u00e9ma sz\u00e1mos partner\u00e9t. Lehet\u0151v\u00e9 teszi sz\u00e1mukra, hogy megfelel\u0151 min\u0151s\u00e9g\u0171 \u00e9s mennyis\u00e9g\u0171 nyelvi adatokat gy\u0171jtsenek ahhoz, hogy nagy nyelvi alapmodelleket, valamint meghat\u00e1rozott nyelvekhez, ter\u00fcletekhez vagy ipar\u00e1gakhoz igaz\u00edtott modelleket \u00e9p\u00edtsenek ki, \u00e9s c\u00e9lzott t\u00e1mogat\u00e1st \u00e9s szolg\u00e1ltat\u00e1sokat ny\u00fajtsanak, amelyek lehet\u0151v\u00e9 teszik m\u00e1sok sz\u00e1m\u00e1ra a rendelkez\u00e9sre \u00e1ll\u00f3 modellek finomhangol\u00e1s\u00e1t.<\/p>\n\n\n\n<div class=\"wp-block-buttons is-layout-flex wp-block-buttons-is-layout-flex\">\n<div class=\"wp-block-button is-style-fill\"><a class=\"wp-block-button__link wp-element-button\" style=\"border-width:1px\">Tudjon meg t\u00f6bbet az LLMs4EU-r\u00f3l<\/a><\/div>\n<\/div>\n<\/div>","protected":false},"excerpt":{"rendered":"<p>Nagy nyelvi modellek az Eur\u00f3pai Uni\u00f3 sz\u00e1m\u00e1ra Az eur\u00f3pai \u00e9rt\u00e9keket, priorit\u00e1sokat \u00e9s innov\u00e1ci\u00f3t t\u00fckr\u00f6z\u0151 nagy nyelvi modellek felgyors\u00edt\u00e1sa \u2013 \u00e1gazatk\u00f6zi egy\u00fcttm\u0171k\u00f6d\u00e9s r\u00e9v\u00e9n. Az LLMs4EU (Large Language Models for the European Union) projektet a Nyelvtechnol\u00f3giai Sz\u00f6vets\u00e9g (ALT-EDIC) koordin\u00e1lja, \u00e9s az eur\u00f3pai LLM-\u00f6kosziszt\u00e9ma sz\u00e1mos partner\u00e9t t\u00e1mogatja. Ez lehet\u0151v\u00e9 teszi [...]<\/p>","protected":false},"author":1,"featured_media":0,"parent":0,"menu_order":0,"comment_status":"closed","ping_status":"closed","template":"home-2","meta":{"footnotes":""},"class_list":["post-8","page","type-page","status-publish","hentry"],"_links":{"self":[{"href":"https:\/\/www.llms4eu.eu\/hu\/wp-json\/wp\/v2\/pages\/8","targetHints":{"allow":["GET"]}}],"collection":[{"href":"https:\/\/www.llms4eu.eu\/hu\/wp-json\/wp\/v2\/pages"}],"about":[{"href":"https:\/\/www.llms4eu.eu\/hu\/wp-json\/wp\/v2\/types\/page"}],"author":[{"embeddable":true,"href":"https:\/\/www.llms4eu.eu\/hu\/wp-json\/wp\/v2\/users\/1"}],"replies":[{"embeddable":true,"href":"https:\/\/www.llms4eu.eu\/hu\/wp-json\/wp\/v2\/comments?post=8"}],"version-history":[{"count":5,"href":"https:\/\/www.llms4eu.eu\/hu\/wp-json\/wp\/v2\/pages\/8\/revisions"}],"predecessor-version":[{"id":44,"href":"https:\/\/www.llms4eu.eu\/hu\/wp-json\/wp\/v2\/pages\/8\/revisions\/44"}],"wp:attachment":[{"href":"https:\/\/www.llms4eu.eu\/hu\/wp-json\/wp\/v2\/media?parent=8"}],"curies":[{"name":"wp","href":"https:\/\/api.w.org\/{rel}","templated":true}]}}