{"id":8,"date":"2025-06-22T19:46:23","date_gmt":"2025-06-22T19:46:23","guid":{"rendered":"https:\/\/llms4eu.eu\/?page_id=8"},"modified":"2025-06-22T21:52:27","modified_gmt":"2025-06-22T21:52:27","slug":"home","status":"publish","type":"page","link":"https:\/\/www.llms4eu.eu\/hr\/","title":{"rendered":""},"content":{"rendered":"<div class=\"wp-block-media-text has-media-on-the-right is-stacked-on-mobile\" style=\"margin-right:0;margin-left:0;padding-right:0;padding-left:0\"><div class=\"wp-block-media-text__content\">\n<h2 class=\"wp-block-heading has-text-align-left\" style=\"padding-right:0;padding-left:0\"><strong>Veliki jezi\u010dni modeli za Europsku uniju<\/strong><\/h2>\n\n\n\n<p class=\"has-text-align-left\"><strong>Ubrzavanje velikih jezi\u010dnih modela koji odra\u017eavaju europske vrijednosti, prioritete i inovacije putem me\u0111usektorske suradnje.<\/strong><\/p>\n<\/div><figure class=\"wp-block-media-text__media\"><\/figure><\/div>\n\n\n\n<div class=\"wp-block-group has-global-padding is-layout-constrained wp-block-group-is-layout-constrained\">\n<p class=\"has-contrast-color has-text-color has-link-color wp-elements-db7825523533b3b7824c9aba6e5175b8\">The&nbsp;<strong>LLMs4EU (veliki jezi\u010dni modeli za Europsku uniju)<\/strong>&nbsp;Projekt koordinira Savez za jezi\u010dne tehnologije (<a href=\"https:\/\/www.alt-edic.eu\/\">ALT-EDIC<\/a>) i podupirat \u0107e velik broj partnera europskog ekosustava LLM-a. Omogu\u0107it \u0107e im prikupljanje jezi\u010dnih podataka dostatne kvalitete i kvantitete za izradu velikih jezi\u010dnih temeljnih modela, kao i modela prilago\u0111enih odre\u0111enim jezicima, domenama ili industrijama, te pru\u017eanje namjenske potpore i usluga kako bi se drugima omogu\u0107ilo da dorade dostupne modele.<\/p>\n\n\n\n<div class=\"wp-block-buttons is-layout-flex wp-block-buttons-is-layout-flex\">\n<div class=\"wp-block-button is-style-fill\"><a class=\"wp-block-button__link wp-element-button\" style=\"border-width:1px\">Saznajte vi\u0161e o inicijativi LLMs4EU<\/a><\/div>\n<\/div>\n<\/div>","protected":false},"excerpt":{"rendered":"<p>Veliki jezi\u010dni modeli za Europsku uniju Ubrzavanje velikih jezi\u010dnih modela koji odra\u017eavaju europske vrijednosti, prioritete i inovacije putem me\u0111usektorske suradnje. Projekt LLMs4EU (Veliki jezi\u010dni modeli za Europsku uniju) koordinira Savez za jezi\u010dne tehnologije (ALT-EDIC) i njime \u0107e se podupirati velik broj partnera europskog ekosustava LLM-a. To \u0107e omogu\u0107iti [...]<\/p>","protected":false},"author":1,"featured_media":0,"parent":0,"menu_order":0,"comment_status":"closed","ping_status":"closed","template":"home-2","meta":{"footnotes":""},"class_list":["post-8","page","type-page","status-publish","hentry"],"_links":{"self":[{"href":"https:\/\/www.llms4eu.eu\/hr\/wp-json\/wp\/v2\/pages\/8","targetHints":{"allow":["GET"]}}],"collection":[{"href":"https:\/\/www.llms4eu.eu\/hr\/wp-json\/wp\/v2\/pages"}],"about":[{"href":"https:\/\/www.llms4eu.eu\/hr\/wp-json\/wp\/v2\/types\/page"}],"author":[{"embeddable":true,"href":"https:\/\/www.llms4eu.eu\/hr\/wp-json\/wp\/v2\/users\/1"}],"replies":[{"embeddable":true,"href":"https:\/\/www.llms4eu.eu\/hr\/wp-json\/wp\/v2\/comments?post=8"}],"version-history":[{"count":5,"href":"https:\/\/www.llms4eu.eu\/hr\/wp-json\/wp\/v2\/pages\/8\/revisions"}],"predecessor-version":[{"id":44,"href":"https:\/\/www.llms4eu.eu\/hr\/wp-json\/wp\/v2\/pages\/8\/revisions\/44"}],"wp:attachment":[{"href":"https:\/\/www.llms4eu.eu\/hr\/wp-json\/wp\/v2\/media?parent=8"}],"curies":[{"name":"wp","href":"https:\/\/api.w.org\/{rel}","templated":true}]}}