{"id":8,"date":"2025-06-22T19:46:23","date_gmt":"2025-06-22T19:46:23","guid":{"rendered":"https:\/\/llms4eu.eu\/?page_id=8"},"modified":"2025-06-22T21:52:27","modified_gmt":"2025-06-22T21:52:27","slug":"home","status":"publish","type":"page","link":"https:\/\/www.llms4eu.eu\/ga\/","title":{"rendered":""},"content":{"rendered":"<div class=\"wp-block-media-text has-media-on-the-right is-stacked-on-mobile\" style=\"margin-right:0;margin-left:0;padding-right:0;padding-left:0\"><div class=\"wp-block-media-text__content\">\n<h2 class=\"wp-block-heading has-text-align-left\" style=\"padding-right:0;padding-left:0\"><strong>M\u00fanla\u00ed M\u00f3ra Teanga don Aontas Eorpach<\/strong><\/h2>\n\n\n\n<p class=\"has-text-align-left\"><strong>Dl\u00fas a chur le samhlacha m\u00f3ra teanga a l\u00e9ir\u00edonn luachanna, tosa\u00edochta\u00ed agus nu\u00e1la\u00edocht na hEorpa \u2014 tr\u00ed chomhar trasearn\u00e1la.<\/strong><\/p>\n<\/div><figure class=\"wp-block-media-text__media\"><\/figure><\/div>\n\n\n\n<div class=\"wp-block-group has-global-padding is-layout-constrained wp-block-group-is-layout-constrained\">\n<p class=\"has-contrast-color has-text-color has-link-color wp-elements-db7825523533b3b7824c9aba6e5175b8\">An&nbsp;<strong>LLMs4EU (Samhlacha M\u00f3ra Teanga don Aontas Eorpach)<\/strong>&nbsp;T\u00e1 an tionscadal \u00e1 chomhord\u00fa ag an gComhghuaill\u00edocht um Theicneola\u00edochta\u00ed Teanga (<a href=\"https:\/\/www.alt-edic.eu\/\">ALT-EDIC<\/a>) agus tac\u00f3idh s\u00e9 le l\u00edon m\u00f3r comhph\u00e1irtithe in \u00e9iceach\u00f3ras LLM na hEorpa. Cuirfidh s\u00e9 ar a gcumas sonra\u00ed teanga a bhaili\u00fa ar ch\u00e1il\u00edocht agus ar chainn\u00edocht leordh\u00f3thanach chun bunsamhlacha m\u00f3ra teanga a th\u00f3g\u00e1il chomh maith le samhlacha at\u00e1 curtha in oiri\u00faint do theangacha, d\u2019fhearainn n\u00f3 do thionscail shonracha, agus chun taca\u00edocht agus seirbh\u00eds\u00ed tiomnaithe a shol\u00e1thar lena gcuirfear ar a gcumas do dhaoine eile na samhlacha at\u00e1 ar f\u00e1il a mhionchoigeart\u00fa.<\/p>\n\n\n\n<div class=\"wp-block-buttons is-layout-flex wp-block-buttons-is-layout-flex\">\n<div class=\"wp-block-button is-style-fill\"><a class=\"wp-block-button__link wp-element-button\" style=\"border-width:1px\">Tuilleadh eolais faoi LLMs4EU<\/a><\/div>\n<\/div>\n<\/div>","protected":false},"excerpt":{"rendered":"<p>M\u00fanla\u00ed M\u00f3ra Teanga don Aontas Eorpach Dl\u00fas a chur le samhlacha m\u00f3ra teanga a l\u00e9ir\u00edonn luachanna, tosa\u00edochta\u00ed agus nu\u00e1la\u00edocht na hEorpa \u2014 tr\u00ed chomhoibri\u00fa trasearn\u00e1la. Is \u00e9 an Chomhghuaill\u00edocht um Theicneola\u00edochta\u00ed Teanga (ALT-EDIC) a chomhorda\u00edonn tionscadal LLMs4EU (M\u00fanla\u00ed M\u00f3ra Teanga don Aontas Eorpach) agus tac\u00f3idh s\u00e9 le l\u00edon m\u00f3r comhph\u00e1irtithe in \u00e9iceach\u00f3ras LLM na hEorpa. Cuirfidh s\u00e9 ar chumas [...]<\/p>","protected":false},"author":1,"featured_media":0,"parent":0,"menu_order":0,"comment_status":"closed","ping_status":"closed","template":"home-2","meta":{"footnotes":""},"class_list":["post-8","page","type-page","status-publish","hentry"],"_links":{"self":[{"href":"https:\/\/www.llms4eu.eu\/ga\/wp-json\/wp\/v2\/pages\/8","targetHints":{"allow":["GET"]}}],"collection":[{"href":"https:\/\/www.llms4eu.eu\/ga\/wp-json\/wp\/v2\/pages"}],"about":[{"href":"https:\/\/www.llms4eu.eu\/ga\/wp-json\/wp\/v2\/types\/page"}],"author":[{"embeddable":true,"href":"https:\/\/www.llms4eu.eu\/ga\/wp-json\/wp\/v2\/users\/1"}],"replies":[{"embeddable":true,"href":"https:\/\/www.llms4eu.eu\/ga\/wp-json\/wp\/v2\/comments?post=8"}],"version-history":[{"count":5,"href":"https:\/\/www.llms4eu.eu\/ga\/wp-json\/wp\/v2\/pages\/8\/revisions"}],"predecessor-version":[{"id":44,"href":"https:\/\/www.llms4eu.eu\/ga\/wp-json\/wp\/v2\/pages\/8\/revisions\/44"}],"wp:attachment":[{"href":"https:\/\/www.llms4eu.eu\/ga\/wp-json\/wp\/v2\/media?parent=8"}],"curies":[{"name":"wp","href":"https:\/\/api.w.org\/{rel}","templated":true}]}}