{"id":8,"date":"2025-06-22T19:46:23","date_gmt":"2025-06-22T19:46:23","guid":{"rendered":"https:\/\/llms4eu.eu\/?page_id=8"},"modified":"2025-06-22T21:52:27","modified_gmt":"2025-06-22T21:52:27","slug":"home","status":"publish","type":"page","link":"https:\/\/www.llms4eu.eu\/fr\/","title":{"rendered":""},"content":{"rendered":"<div class=\"wp-block-media-text has-media-on-the-right is-stacked-on-mobile\" style=\"margin-right:0;margin-left:0;padding-right:0;padding-left:0\"><div class=\"wp-block-media-text__content\">\n<h2 class=\"wp-block-heading has-text-align-left\" style=\"padding-right:0;padding-left:0\"><strong>Grands mod\u00e8les linguistiques pour l'Union europ\u00e9enne<\/strong><\/h2>\n\n\n\n<p class=\"has-text-align-left\"><strong>Acc\u00e9l\u00e9rer les grands mod\u00e8les linguistiques qui refl\u00e8tent les valeurs, les priorit\u00e9s et l\u2019innovation europ\u00e9ennes, gr\u00e2ce \u00e0 une collaboration intersectorielle.<\/strong><\/p>\n<\/div><figure class=\"wp-block-media-text__media\"><\/figure><\/div>\n\n\n\n<div class=\"wp-block-group has-global-padding is-layout-constrained wp-block-group-is-layout-constrained\">\n<p class=\"has-contrast-color has-text-color has-link-color wp-elements-db7825523533b3b7824c9aba6e5175b8\">Le&nbsp;<strong>LLMs4EU (Grands mod\u00e8les linguistiques pour l'Union europ\u00e9enne)<\/strong>&nbsp;Le projet est coordonn\u00e9 par l'Alliance for Language Technologies (<a href=\"https:\/\/www.alt-edic.eu\/\">ALT-EDIC<\/a>) et soutiendra un grand nombre de partenaires de l'\u00e9cosyst\u00e8me LLM europ\u00e9en. Il leur permettra de recueillir des donn\u00e9es linguistiques en quantit\u00e9 et en qualit\u00e9 suffisantes pour construire de grands mod\u00e8les de base linguistiques ainsi que des mod\u00e8les adapt\u00e9s \u00e0 des langues, des domaines ou des industries sp\u00e9cifiques, et de fournir un soutien et des services d\u00e9di\u00e9s permettant \u00e0 d\u2019autres d\u2019affiner les mod\u00e8les disponibles.<\/p>\n\n\n\n<div class=\"wp-block-buttons is-layout-flex wp-block-buttons-is-layout-flex\">\n<div class=\"wp-block-button is-style-fill\"><a class=\"wp-block-button__link wp-element-button\" style=\"border-width:1px\">En savoir plus sur LLMs4EU<\/a><\/div>\n<\/div>\n<\/div>","protected":false},"excerpt":{"rendered":"<p>Grands mod\u00e8les linguistiques pour l\u2019Union europ\u00e9enne Acc\u00e9l\u00e9rer les grands mod\u00e8les linguistiques qui refl\u00e8tent les valeurs, les priorit\u00e9s et l\u2019innovation europ\u00e9ennes, gr\u00e2ce \u00e0 une collaboration intersectorielle. Le projet LLMs4EU (Large Language Models for the European Union) est coordonn\u00e9 par l'Alliance for Language Technologies (ALT-EDIC) et soutiendra un grand nombre de partenaires de l'\u00e9cosyst\u00e8me LLM europ\u00e9en. Il permettra [...]<\/p>","protected":false},"author":1,"featured_media":0,"parent":0,"menu_order":0,"comment_status":"closed","ping_status":"closed","template":"home-2","meta":{"footnotes":""},"class_list":["post-8","page","type-page","status-publish","hentry"],"_links":{"self":[{"href":"https:\/\/www.llms4eu.eu\/fr\/wp-json\/wp\/v2\/pages\/8","targetHints":{"allow":["GET"]}}],"collection":[{"href":"https:\/\/www.llms4eu.eu\/fr\/wp-json\/wp\/v2\/pages"}],"about":[{"href":"https:\/\/www.llms4eu.eu\/fr\/wp-json\/wp\/v2\/types\/page"}],"author":[{"embeddable":true,"href":"https:\/\/www.llms4eu.eu\/fr\/wp-json\/wp\/v2\/users\/1"}],"replies":[{"embeddable":true,"href":"https:\/\/www.llms4eu.eu\/fr\/wp-json\/wp\/v2\/comments?post=8"}],"version-history":[{"count":5,"href":"https:\/\/www.llms4eu.eu\/fr\/wp-json\/wp\/v2\/pages\/8\/revisions"}],"predecessor-version":[{"id":44,"href":"https:\/\/www.llms4eu.eu\/fr\/wp-json\/wp\/v2\/pages\/8\/revisions\/44"}],"wp:attachment":[{"href":"https:\/\/www.llms4eu.eu\/fr\/wp-json\/wp\/v2\/media?parent=8"}],"curies":[{"name":"wp","href":"https:\/\/api.w.org\/{rel}","templated":true}]}}