{"id":8,"date":"2025-06-22T19:46:23","date_gmt":"2025-06-22T19:46:23","guid":{"rendered":"https:\/\/llms4eu.eu\/?page_id=8"},"modified":"2025-06-22T21:52:27","modified_gmt":"2025-06-22T21:52:27","slug":"home","status":"publish","type":"page","link":"https:\/\/www.llms4eu.eu\/et\/","title":{"rendered":""},"content":{"rendered":"<div class=\"wp-block-media-text has-media-on-the-right is-stacked-on-mobile\" style=\"margin-right:0;margin-left:0;padding-right:0;padding-left:0\"><div class=\"wp-block-media-text__content\">\n<h2 class=\"wp-block-heading has-text-align-left\" style=\"padding-right:0;padding-left:0\"><strong>Euroopa Liidu suured keelemudelid<\/strong><\/h2>\n\n\n\n<p class=\"has-text-align-left\"><strong>Euroopa v\u00e4\u00e4rtusi, prioriteete ja innovatsiooni kajastavate suurte keelemudelite kiirendamine valdkondadevahelise koost\u00f6\u00f6 kaudu.<\/strong><\/p>\n<\/div><figure class=\"wp-block-media-text__media\"><\/figure><\/div>\n\n\n\n<div class=\"wp-block-group has-global-padding is-layout-constrained wp-block-group-is-layout-constrained\">\n<p class=\"has-contrast-color has-text-color has-link-color wp-elements-db7825523533b3b7824c9aba6e5175b8\">Euroopa Liidu&nbsp;<strong>LLMs4EU (Euroopa Liidu suured keelemudelid)<\/strong>&nbsp;Projekti koordineerib keeletehnoloogia liit (<a href=\"https:\/\/www.alt-edic.eu\/\">ALT-EDIC<\/a>) ja toetab suurt hulka Euroopa LLM-\u00f6kos\u00fcsteemi partnereid. See v\u00f5imaldab neil koguda keeleandmeid piisava kvaliteedi ja kvantiteediga, et luua suuri keele alusmudeleid, samuti konkreetsetele keeltele, valdkondadele v\u00f5i t\u00f6\u00f6stusharudele kohandatud mudeleid, ning pakkuda sihtotstarbelist tuge ja teenuseid, mis v\u00f5imaldavad teistel olemasolevaid mudeleid t\u00e4psustada.<\/p>\n\n\n\n<div class=\"wp-block-buttons is-layout-flex wp-block-buttons-is-layout-flex\">\n<div class=\"wp-block-button is-style-fill\"><a class=\"wp-block-button__link wp-element-button\" style=\"border-width:1px\">Lisateave LLMs4EU kohta<\/a><\/div>\n<\/div>\n<\/div>","protected":false},"excerpt":{"rendered":"<p>Euroopa Liidu suured keelemudelid Euroopa v\u00e4\u00e4rtusi, prioriteete ja innovatsiooni kajastavate suurte keelemudelite kiirendamine valdkondadevahelise koost\u00f6\u00f6 kaudu. Projekti LLMs4EU (Large Language Models for the European Union) koordineerib keeletehnoloogia liit (ALT-EDIC) ja sellega toetatakse paljusid Euroopa keeletehnoloogia \u00f6kos\u00fcsteemi partnereid. See v\u00f5imaldab [...]<\/p>","protected":false},"author":1,"featured_media":0,"parent":0,"menu_order":0,"comment_status":"closed","ping_status":"closed","template":"home-2","meta":{"footnotes":""},"class_list":["post-8","page","type-page","status-publish","hentry"],"_links":{"self":[{"href":"https:\/\/www.llms4eu.eu\/et\/wp-json\/wp\/v2\/pages\/8","targetHints":{"allow":["GET"]}}],"collection":[{"href":"https:\/\/www.llms4eu.eu\/et\/wp-json\/wp\/v2\/pages"}],"about":[{"href":"https:\/\/www.llms4eu.eu\/et\/wp-json\/wp\/v2\/types\/page"}],"author":[{"embeddable":true,"href":"https:\/\/www.llms4eu.eu\/et\/wp-json\/wp\/v2\/users\/1"}],"replies":[{"embeddable":true,"href":"https:\/\/www.llms4eu.eu\/et\/wp-json\/wp\/v2\/comments?post=8"}],"version-history":[{"count":5,"href":"https:\/\/www.llms4eu.eu\/et\/wp-json\/wp\/v2\/pages\/8\/revisions"}],"predecessor-version":[{"id":44,"href":"https:\/\/www.llms4eu.eu\/et\/wp-json\/wp\/v2\/pages\/8\/revisions\/44"}],"wp:attachment":[{"href":"https:\/\/www.llms4eu.eu\/et\/wp-json\/wp\/v2\/media?parent=8"}],"curies":[{"name":"wp","href":"https:\/\/api.w.org\/{rel}","templated":true}]}}