{"id":8,"date":"2025-06-22T19:46:23","date_gmt":"2025-06-22T19:46:23","guid":{"rendered":"https:\/\/llms4eu.eu\/?page_id=8"},"modified":"2025-06-22T21:52:27","modified_gmt":"2025-06-22T21:52:27","slug":"home","status":"publish","type":"page","link":"https:\/\/www.llms4eu.eu\/de\/","title":{"rendered":""},"content":{"rendered":"<div class=\"wp-block-media-text has-media-on-the-right is-stacked-on-mobile\" style=\"margin-right:0;margin-left:0;padding-right:0;padding-left:0\"><div class=\"wp-block-media-text__content\">\n<h2 class=\"wp-block-heading has-text-align-left\" style=\"padding-right:0;padding-left:0\"><strong>Gro\u00dfe Sprachmodelle f\u00fcr die Europ\u00e4ische Union<\/strong><\/h2>\n\n\n\n<p class=\"has-text-align-left\"><strong>Beschleunigung gro\u00dfer Sprachmodelle, die die europ\u00e4ischen Werte, Priorit\u00e4ten und Innovationen widerspiegeln \u2013 durch sektor\u00fcbergreifende Zusammenarbeit.<\/strong><\/p>\n<\/div><figure class=\"wp-block-media-text__media\"><\/figure><\/div>\n\n\n\n<div class=\"wp-block-group has-global-padding is-layout-constrained wp-block-group-is-layout-constrained\">\n<p class=\"has-contrast-color has-text-color has-link-color wp-elements-db7825523533b3b7824c9aba6e5175b8\">Die&nbsp;<strong>LLMs4EU (Large Language Models for the European Union) (Gro\u00dfe Sprachmodelle f\u00fcr die Europ\u00e4ische Union)<\/strong>&nbsp;Das Projekt wird von der Alliance for Language Technologies (Allianz f\u00fcr Sprachtechnologien) koordiniert.<a href=\"https:\/\/www.alt-edic.eu\/\">ALT-EDIC<\/a>) und wird eine gro\u00dfe Anzahl von Partnern des europ\u00e4ischen LLM-\u00d6kosystems unterst\u00fctzen. Es wird ihnen erm\u00f6glichen, Sprachdaten in ausreichender Qualit\u00e4t und Quantit\u00e4t zu sammeln, um gro\u00dfe Sprachgrundlagenmodelle sowie Modelle zu erstellen, die an bestimmte Sprachen, Dom\u00e4nen oder Branchen angepasst sind, und spezielle Unterst\u00fctzung und Dienste bereitzustellen, die es anderen erm\u00f6glichen, die verf\u00fcgbaren Modelle zu verfeinern.<\/p>\n\n\n\n<div class=\"wp-block-buttons is-layout-flex wp-block-buttons-is-layout-flex\">\n<div class=\"wp-block-button is-style-fill\"><a class=\"wp-block-button__link wp-element-button\" style=\"border-width:1px\">Erfahren Sie mehr \u00fcber LLMs4EU<\/a><\/div>\n<\/div>\n<\/div>","protected":false},"excerpt":{"rendered":"<p>Gro\u00dfe Sprachmodelle f\u00fcr die Europ\u00e4ische Union Beschleunigung gro\u00dfer Sprachmodelle, die die europ\u00e4ischen Werte, Priorit\u00e4ten und Innovationen widerspiegeln \u2013 durch sektor\u00fcbergreifende Zusammenarbeit. Das Projekt LLMs4EU (Large Language Models for the European Union) wird von der Alliance for Language Technologies (ALT-EDIC) koordiniert und wird eine Vielzahl von Partnern des europ\u00e4ischen LLM-\u00d6kosystems unterst\u00fctzen. Es wird erm\u00f6glichen, [...]<\/p>","protected":false},"author":1,"featured_media":0,"parent":0,"menu_order":0,"comment_status":"closed","ping_status":"closed","template":"home-2","meta":{"footnotes":""},"class_list":["post-8","page","type-page","status-publish","hentry"],"_links":{"self":[{"href":"https:\/\/www.llms4eu.eu\/de\/wp-json\/wp\/v2\/pages\/8","targetHints":{"allow":["GET"]}}],"collection":[{"href":"https:\/\/www.llms4eu.eu\/de\/wp-json\/wp\/v2\/pages"}],"about":[{"href":"https:\/\/www.llms4eu.eu\/de\/wp-json\/wp\/v2\/types\/page"}],"author":[{"embeddable":true,"href":"https:\/\/www.llms4eu.eu\/de\/wp-json\/wp\/v2\/users\/1"}],"replies":[{"embeddable":true,"href":"https:\/\/www.llms4eu.eu\/de\/wp-json\/wp\/v2\/comments?post=8"}],"version-history":[{"count":5,"href":"https:\/\/www.llms4eu.eu\/de\/wp-json\/wp\/v2\/pages\/8\/revisions"}],"predecessor-version":[{"id":44,"href":"https:\/\/www.llms4eu.eu\/de\/wp-json\/wp\/v2\/pages\/8\/revisions\/44"}],"wp:attachment":[{"href":"https:\/\/www.llms4eu.eu\/de\/wp-json\/wp\/v2\/media?parent=8"}],"curies":[{"name":"wp","href":"https:\/\/api.w.org\/{rel}","templated":true}]}}