{"id":8,"date":"2025-06-22T19:46:23","date_gmt":"2025-06-22T19:46:23","guid":{"rendered":"https:\/\/llms4eu.eu\/?page_id=8"},"modified":"2025-06-22T21:52:27","modified_gmt":"2025-06-22T21:52:27","slug":"home","status":"publish","type":"page","link":"https:\/\/www.llms4eu.eu\/da\/","title":{"rendered":""},"content":{"rendered":"<div class=\"wp-block-media-text has-media-on-the-right is-stacked-on-mobile\" style=\"margin-right:0;margin-left:0;padding-right:0;padding-left:0\"><div class=\"wp-block-media-text__content\">\n<h2 class=\"wp-block-heading has-text-align-left\" style=\"padding-right:0;padding-left:0\"><strong>Store sprogmodeller for Den Europ\u00e6iske Union<\/strong><\/h2>\n\n\n\n<p class=\"has-text-align-left\"><strong>Fremskyndelse af store sprogmodeller, der afspejler europ\u00e6iske v\u00e6rdier, prioriteter og innovation \u2014 gennem samarbejde p\u00e5 tv\u00e6rs af sektorer.<\/strong><\/p>\n<\/div><figure class=\"wp-block-media-text__media\"><\/figure><\/div>\n\n\n\n<div class=\"wp-block-group has-global-padding is-layout-constrained wp-block-group-is-layout-constrained\">\n<p class=\"has-contrast-color has-text-color has-link-color wp-elements-db7825523533b3b7824c9aba6e5175b8\">Den&nbsp;<strong>LLMs4EU (Store sprogmodeller for Den Europ\u00e6iske Union)<\/strong>&nbsp;Projektet koordineres af Alliancen for Sprogteknologier (<a href=\"https:\/\/www.alt-edic.eu\/\">ALT-EDIC<\/a>) og vil st\u00f8tte et stort antal partnere i det europ\u00e6iske \u00f8kosystem for livslang l\u00e6ring. Det vil s\u00e6tte dem i stand til at indsamle sprogdata i tilstr\u00e6kkelig kvalitet og kvantitet til at opbygge store sprogfundamentmodeller samt modeller, der er tilpasset specifikke sprog, dom\u00e6ner eller industrier, og til at yde m\u00e5lrettet st\u00f8tte og tjenester, der g\u00f8r det muligt for andre at finjustere de tilg\u00e6ngelige modeller.<\/p>\n\n\n\n<div class=\"wp-block-buttons is-layout-flex wp-block-buttons-is-layout-flex\">\n<div class=\"wp-block-button is-style-fill\"><a class=\"wp-block-button__link wp-element-button\" style=\"border-width:1px\">L\u00e6s mere om LLMs4EU<\/a><\/div>\n<\/div>\n<\/div>","protected":false},"excerpt":{"rendered":"<p>Fremskyndelse af store sprogmodeller, der afspejler europ\u00e6iske v\u00e6rdier, prioriteter og innovation \u2014 gennem tv\u00e6rsektorielt samarbejde. Projektet LLMs4EU (Large Language Models for the European Union) koordineres af Alliance for Language Technologies (ALT-EDIC) og vil st\u00f8tte et stort antal partnere i det europ\u00e6iske LLM-\u00f8kosystem. Det vil g\u00f8re det muligt [...]<\/p>","protected":false},"author":1,"featured_media":0,"parent":0,"menu_order":0,"comment_status":"closed","ping_status":"closed","template":"home-2","meta":{"footnotes":""},"class_list":["post-8","page","type-page","status-publish","hentry"],"_links":{"self":[{"href":"https:\/\/www.llms4eu.eu\/da\/wp-json\/wp\/v2\/pages\/8","targetHints":{"allow":["GET"]}}],"collection":[{"href":"https:\/\/www.llms4eu.eu\/da\/wp-json\/wp\/v2\/pages"}],"about":[{"href":"https:\/\/www.llms4eu.eu\/da\/wp-json\/wp\/v2\/types\/page"}],"author":[{"embeddable":true,"href":"https:\/\/www.llms4eu.eu\/da\/wp-json\/wp\/v2\/users\/1"}],"replies":[{"embeddable":true,"href":"https:\/\/www.llms4eu.eu\/da\/wp-json\/wp\/v2\/comments?post=8"}],"version-history":[{"count":5,"href":"https:\/\/www.llms4eu.eu\/da\/wp-json\/wp\/v2\/pages\/8\/revisions"}],"predecessor-version":[{"id":44,"href":"https:\/\/www.llms4eu.eu\/da\/wp-json\/wp\/v2\/pages\/8\/revisions\/44"}],"wp:attachment":[{"href":"https:\/\/www.llms4eu.eu\/da\/wp-json\/wp\/v2\/media?parent=8"}],"curies":[{"name":"wp","href":"https:\/\/api.w.org\/{rel}","templated":true}]}}