{"id":8,"date":"2025-06-22T19:46:23","date_gmt":"2025-06-22T19:46:23","guid":{"rendered":"https:\/\/llms4eu.eu\/?page_id=8"},"modified":"2025-06-22T21:52:27","modified_gmt":"2025-06-22T21:52:27","slug":"home","status":"publish","type":"page","link":"https:\/\/www.llms4eu.eu\/cs\/","title":{"rendered":""},"content":{"rendered":"<div class=\"wp-block-media-text has-media-on-the-right is-stacked-on-mobile\" style=\"margin-right:0;margin-left:0;padding-right:0;padding-left:0\"><div class=\"wp-block-media-text__content\">\n<h2 class=\"wp-block-heading has-text-align-left\" style=\"padding-right:0;padding-left:0\"><strong>Velk\u00e9 jazykov\u00e9 modely pro Evropskou unii<\/strong><\/h2>\n\n\n\n<p class=\"has-text-align-left\"><strong>Urychlen\u00ed rozs\u00e1hl\u00fdch jazykov\u00fdch model\u016f, kter\u00e9 odr\u00e1\u017eej\u00ed evropsk\u00e9 hodnoty, priority a inovace \u2013 prost\u0159ednictv\u00edm meziodv\u011btvov\u00e9 spolupr\u00e1ce.<\/strong><\/p>\n<\/div><figure class=\"wp-block-media-text__media\"><\/figure><\/div>\n\n\n\n<div class=\"wp-block-group has-global-padding is-layout-constrained wp-block-group-is-layout-constrained\">\n<p class=\"has-contrast-color has-text-color has-link-color wp-elements-db7825523533b3b7824c9aba6e5175b8\">Poslankyn\u011b&nbsp;<strong>LLMs4EU (Velk\u00e9 jazykov\u00e9 modely pro Evropskou unii)<\/strong>&nbsp;Projekt koordinuje Aliance pro jazykov\u00e9 technologie (<a href=\"https:\/\/www.alt-edic.eu\/\">ALT-EDIC<\/a>) a podpo\u0159\u00ed velk\u00fd po\u010det partner\u016f evropsk\u00e9ho ekosyst\u00e9mu LLM. Umo\u017en\u00ed jim shroma\u017e\u010fovat jazykov\u00e9 \u00fadaje v dostate\u010dn\u00e9 kvalit\u011b a mno\u017estv\u00ed, aby mohly vytv\u00e1\u0159et velk\u00e9 modely jazykov\u00fdch z\u00e1klad\u016f, jako\u017e i modely p\u0159izp\u016fsoben\u00e9 konkr\u00e9tn\u00edm jazyk\u016fm, oblastem nebo odv\u011btv\u00edm, a poskytovat specializovanou podporu a slu\u017eby, kter\u00e9 ostatn\u00edm umo\u017en\u00ed doladit dostupn\u00e9 modely.<\/p>\n\n\n\n<div class=\"wp-block-buttons is-layout-flex wp-block-buttons-is-layout-flex\">\n<div class=\"wp-block-button is-style-fill\"><a class=\"wp-block-button__link wp-element-button\" style=\"border-width:1px\">Dal\u0161\u00ed informace o LLMs4EU<\/a><\/div>\n<\/div>\n<\/div>","protected":false},"excerpt":{"rendered":"<p>Velk\u00e9 jazykov\u00e9 modely pro Evropskou unii Urychlen\u00ed velk\u00fdch jazykov\u00fdch model\u016f, kter\u00e9 odr\u00e1\u017eej\u00ed evropsk\u00e9 hodnoty, priority a inovace \u2013 prost\u0159ednictv\u00edm meziodv\u011btvov\u00e9 spolupr\u00e1ce. Projekt LLMs4EU (Velk\u00e9 jazykov\u00e9 modely pro Evropskou unii) koordinuje Aliance pro jazykov\u00e9 technologie (ALT-EDIC) a podpo\u0159\u00ed velk\u00fd po\u010det partner\u016f evropsk\u00e9ho ekosyst\u00e9mu LLM. Umo\u017en\u00ed [...]<\/p>","protected":false},"author":1,"featured_media":0,"parent":0,"menu_order":0,"comment_status":"closed","ping_status":"closed","template":"home-2","meta":{"footnotes":""},"class_list":["post-8","page","type-page","status-publish","hentry"],"_links":{"self":[{"href":"https:\/\/www.llms4eu.eu\/cs\/wp-json\/wp\/v2\/pages\/8","targetHints":{"allow":["GET"]}}],"collection":[{"href":"https:\/\/www.llms4eu.eu\/cs\/wp-json\/wp\/v2\/pages"}],"about":[{"href":"https:\/\/www.llms4eu.eu\/cs\/wp-json\/wp\/v2\/types\/page"}],"author":[{"embeddable":true,"href":"https:\/\/www.llms4eu.eu\/cs\/wp-json\/wp\/v2\/users\/1"}],"replies":[{"embeddable":true,"href":"https:\/\/www.llms4eu.eu\/cs\/wp-json\/wp\/v2\/comments?post=8"}],"version-history":[{"count":5,"href":"https:\/\/www.llms4eu.eu\/cs\/wp-json\/wp\/v2\/pages\/8\/revisions"}],"predecessor-version":[{"id":44,"href":"https:\/\/www.llms4eu.eu\/cs\/wp-json\/wp\/v2\/pages\/8\/revisions\/44"}],"wp:attachment":[{"href":"https:\/\/www.llms4eu.eu\/cs\/wp-json\/wp\/v2\/media?parent=8"}],"curies":[{"name":"wp","href":"https:\/\/api.w.org\/{rel}","templated":true}]}}